{"id":47,"date":"2022-01-20T10:01:11","date_gmt":"2022-01-20T10:01:11","guid":{"rendered":"http:\/\/grupotandembpo.com\/?page_id=47"},"modified":"2025-01-22T03:41:01","modified_gmt":"2025-01-22T03:41:01","slug":"47-2","status":"publish","type":"page","link":"https:\/\/grupotandembpo.com\/","title":{"rendered":""},"content":{"rendered":"\t\t<div data-elementor-type=\"wp-page\" data-elementor-id=\"47\" class=\"elementor elementor-47\">\n\t\t\t\t\t\t<section class=\"elementor-section elementor-top-section elementor-element elementor-element-6088bc8 elementor-section-boxed elementor-section-height-default elementor-section-height-default\" data-id=\"6088bc8\" data-element_type=\"section\" data-e-type=\"section\">\n\t\t\t\t\t\t<div class=\"elementor-container elementor-column-gap-default\">\n\t\t\t\t\t<div class=\"elementor-column elementor-col-100 elementor-top-column elementor-element elementor-element-26bf00e\" data-id=\"26bf00e\" data-element_type=\"column\" data-e-type=\"column\">\n\t\t\t<div class=\"elementor-widget-wrap elementor-element-populated\">\n\t\t\t\t\t\t<div class=\"elementor-element elementor-element-2a0864d elementor-widget elementor-widget-heading\" data-id=\"2a0864d\" data-element_type=\"widget\" data-e-type=\"widget\" data-widget_type=\"heading.default\">\n\t\t\t\t<div class=\"elementor-widget-container\">\n\t\t\t\t\t<h2 class=\"elementor-heading-title elementor-size-default\">Consultor\u00eda y Diagn\u00f3stico<\/h2>\t\t\t\t<\/div>\n\t\t\t\t<\/div>\n\t\t\t\t\t<\/div>\n\t\t<\/div>\n\t\t\t\t\t<\/div>\n\t\t<\/section>\n\t\t\t\t<section class=\"elementor-section elementor-top-section elementor-element elementor-element-c3e5e80 elementor-section-boxed elementor-section-height-default elementor-section-height-default\" data-id=\"c3e5e80\" data-element_type=\"section\" data-e-type=\"section\">\n\t\t\t\t\t\t<div class=\"elementor-container elementor-column-gap-default\">\n\t\t\t\t\t<div class=\"elementor-column elementor-col-100 elementor-top-column elementor-element elementor-element-96611f8\" data-id=\"96611f8\" data-element_type=\"column\" data-e-type=\"column\">\n\t\t\t<div class=\"elementor-widget-wrap elementor-element-populated\">\n\t\t\t\t\t\t<div class=\"elementor-element elementor-element-e325896 elementor-invisible elementor-widget elementor-widget-text-editor\" data-id=\"e325896\" data-element_type=\"widget\" data-e-type=\"widget\" data-settings=\"{&quot;_animation&quot;:&quot;fadeInRight&quot;}\" data-widget_type=\"text-editor.default\">\n\t\t\t\t<div class=\"elementor-widget-container\">\n\t\t\t\t\t\t\t\t\t<p>Determinamos la situaci\u00f3n real en la que se encuentra tu organizaci\u00f3n, identificando situaciones problem\u00e1ticas y \u00e1reas de oportunidad.<\/p>\t\t\t\t\t\t\t\t<\/div>\n\t\t\t\t<\/div>\n\t\t\t\t\t<\/div>\n\t\t<\/div>\n\t\t\t\t\t<\/div>\n\t\t<\/section>\n\t\t\t\t<\/div>\n\t\t","protected":false},"excerpt":{"rendered":"<p>Consultor\u00eda y Diagn\u00f3stico Determinamos la situaci\u00f3n real en la que se encuentra tu organizaci\u00f3n, identificando situaciones problem\u00e1ticas y \u00e1reas de oportunidad.<\/p>\n","protected":false},"author":1,"featured_media":50,"parent":0,"menu_order":0,"comment_status":"closed","ping_status":"closed","template":"","meta":{"om_disable_all_campaigns":false,"_monsterinsights_skip_tracking":false,"_monsterinsights_sitenote_active":false,"_monsterinsights_sitenote_note":"","_monsterinsights_sitenote_category":0,"footnotes":""},"class_list":["post-47","page","type-page","status-publish","has-post-thumbnail","hentry"],"aioseo_notices":[],"_links":{"self":[{"href":"https:\/\/grupotandembpo.com\/index.php\/wp-json\/wp\/v2\/pages\/47","targetHints":{"allow":["GET"]}}],"collection":[{"href":"https:\/\/grupotandembpo.com\/index.php\/wp-json\/wp\/v2\/pages"}],"about":[{"href":"https:\/\/grupotandembpo.com\/index.php\/wp-json\/wp\/v2\/types\/page"}],"author":[{"embeddable":true,"href":"https:\/\/grupotandembpo.com\/index.php\/wp-json\/wp\/v2\/users\/1"}],"replies":[{"embeddable":true,"href":"https:\/\/grupotandembpo.com\/index.php\/wp-json\/wp\/v2\/comments?post=47"}],"version-history":[{"count":59,"href":"https:\/\/grupotandembpo.com\/index.php\/wp-json\/wp\/v2\/pages\/47\/revisions"}],"predecessor-version":[{"id":408,"href":"https:\/\/grupotandembpo.com\/index.php\/wp-json\/wp\/v2\/pages\/47\/revisions\/408"}],"wp:featuredmedia":[{"embeddable":true,"href":"https:\/\/grupotandembpo.com\/index.php\/wp-json\/wp\/v2\/media\/50"}],"wp:attachment":[{"href":"https:\/\/grupotandembpo.com\/index.php\/wp-json\/wp\/v2\/media?parent=47"}],"curies":[{"name":"wp","href":"https:\/\/api.w.org\/{rel}","templated":true}]}}